{"id":273,"date":"2015-09-05T15:22:43","date_gmt":"2015-09-05T13:22:43","guid":{"rendered":"http:\/\/kunstamedersee.de\/?page_id=273"},"modified":"2025-09-25T00:36:39","modified_gmt":"2025-09-24T22:36:39","slug":"moebel-als-kunstonbjekte-3","status":"publish","type":"page","link":"https:\/\/kunstamedersee.de\/?page_id=273","title":{"rendered":"M\u00f6bel als Kunstobjekte"},"content":{"rendered":"<p>\u201aM\u00f6bel als Kunstobjekte\u2019 setzen sich mit der Gestalt und Idee\u00a0des Gegenstands \u201aM\u00f6bel\u2019 auseinander. Gepr\u00e4gt ist meine Arbeit\u00a0durch das Material Holz, das ich im traditionell handwerklichen\u00a0Prozess bearbeite und dessen Authentizit\u00e4t und spezifische\u00a0Qualit\u00e4t ich erhalte.<\/p>\n<p>Die \u201alebendigen\u2019 M\u00f6bel erz\u00e4hlen Geschichten, setzen allt\u00e4gliche\u00a0Erscheinungen und Begebenheiten in eine eigene Formensprache\u00a0um, die \u00fcber den reinen Gebrauchswert des M\u00f6bels\u00a0hinausgeht.<\/p>\n<p>Ich zwinge das Holz nicht in eine kalte Form, degradiere es\u00a0nicht zum Material, meine \u201alebendigen\u2019 M\u00f6bel dienen als Objekte,\u00a0die gesellschaftliche Themen bewusst machen. Hier werden\u00a0Fragen nach dem emotionalen Grundvokabular der\u00a0menschlichen Existenz gestellt.<\/p>\n<p>Die \u201alebendigen\u2019 M\u00f6bel sind ein die herk\u00f6mmliche Sichtweise\u00a0ver\u00e4nderndes Experiment, sie opponieren durch ihr spezifisches\u00a0Anderssein gegen die eingeschliffenen Rituale des Alltags und\u00a0ihr Wert oszilliert zwischen Gebrauchsgegenstand und\u00a0Assoziationsobjekt.<\/p>\n","protected":false},"excerpt":{"rendered":"<p>\u201aM\u00f6bel als Kunstobjekte\u2019 setzen sich mit der Gestalt und Idee\u00a0des Gegenstands \u201aM\u00f6bel\u2019 auseinander. Gepr\u00e4gt ist meine Arbeit\u00a0durch das Material Holz, das ich im traditionell handwerklichen\u00a0Prozess bearbeite und dessen Authentizit\u00e4t und&hellip; <\/p>\n","protected":false},"author":3,"featured_media":0,"parent":0,"menu_order":0,"comment_status":"closed","ping_status":"closed","template":"","meta":{"footnotes":""},"class_list":["post-273","page","type-page","status-publish","hentry"],"_links":{"self":[{"href":"https:\/\/kunstamedersee.de\/index.php?rest_route=\/wp\/v2\/pages\/273","targetHints":{"allow":["GET"]}}],"collection":[{"href":"https:\/\/kunstamedersee.de\/index.php?rest_route=\/wp\/v2\/pages"}],"about":[{"href":"https:\/\/kunstamedersee.de\/index.php?rest_route=\/wp\/v2\/types\/page"}],"author":[{"embeddable":true,"href":"https:\/\/kunstamedersee.de\/index.php?rest_route=\/wp\/v2\/users\/3"}],"replies":[{"embeddable":true,"href":"https:\/\/kunstamedersee.de\/index.php?rest_route=%2Fwp%2Fv2%2Fcomments&post=273"}],"version-history":[{"count":0,"href":"https:\/\/kunstamedersee.de\/index.php?rest_route=\/wp\/v2\/pages\/273\/revisions"}],"wp:attachment":[{"href":"https:\/\/kunstamedersee.de\/index.php?rest_route=%2Fwp%2Fv2%2Fmedia&parent=273"}],"curies":[{"name":"wp","href":"https:\/\/api.w.org\/{rel}","templated":true}]}}