{"id":178,"date":"2015-09-05T11:19:10","date_gmt":"2015-09-05T09:19:10","guid":{"rendered":"http:\/\/kunstamedersee.de\/?page_id=178"},"modified":"2025-09-25T00:36:16","modified_gmt":"2025-09-24T22:36:16","slug":"kunst-am-bau","status":"publish","type":"page","link":"https:\/\/kunstamedersee.de\/?page_id=178","title":{"rendered":"Kunst am Bau"},"content":{"rendered":"<p>`Kunst am Bau\u00b4 steht im Dialog mit der Architektur und ihrem Umfeld, sie ist gestaltendes Objekt und korrespondiert mit der architektonischen Konzeption.\u00a0 \u00b4Kunst am Bau` dient der Entwicklung der Baukultur. Einem breiten Publikum wird die M\u00f6glichkeit er\u00f6ffnet, allt\u00e4glich Kunst zu begegnen. F\u00fcr \u00f6ffentliche und private Bauherren dient die \u00b4Kunst am Bau\u00b4 als Imagezuwachs.<\/p>\n<p>Ich mache\u00a0 `Kunst am Bau\u00b4 um das Allt\u00e4gliche aus dem Alltag herauszuheben, einen vitalen und auf das Bauwerk bezogenen Blickfang zu schaffen und den Bau durch das k\u00fcnstlerische Element zu einem unverwechselbaren Objekt zu machen.<code><\/code><\/p>\n<p>&nbsp;<\/p>\n","protected":false},"excerpt":{"rendered":"<p>`Kunst am Bau\u00b4 steht im Dialog mit der Architektur und ihrem Umfeld, sie ist gestaltendes Objekt und korrespondiert mit der architektonischen Konzeption.\u00a0 \u00b4Kunst am Bau` dient der Entwicklung der Baukultur.&hellip; <\/p>\n","protected":false},"author":3,"featured_media":0,"parent":0,"menu_order":0,"comment_status":"closed","ping_status":"closed","template":"","meta":{"footnotes":""},"class_list":["post-178","page","type-page","status-publish","hentry"],"_links":{"self":[{"href":"https:\/\/kunstamedersee.de\/index.php?rest_route=\/wp\/v2\/pages\/178","targetHints":{"allow":["GET"]}}],"collection":[{"href":"https:\/\/kunstamedersee.de\/index.php?rest_route=\/wp\/v2\/pages"}],"about":[{"href":"https:\/\/kunstamedersee.de\/index.php?rest_route=\/wp\/v2\/types\/page"}],"author":[{"embeddable":true,"href":"https:\/\/kunstamedersee.de\/index.php?rest_route=\/wp\/v2\/users\/3"}],"replies":[{"embeddable":true,"href":"https:\/\/kunstamedersee.de\/index.php?rest_route=%2Fwp%2Fv2%2Fcomments&post=178"}],"version-history":[{"count":0,"href":"https:\/\/kunstamedersee.de\/index.php?rest_route=\/wp\/v2\/pages\/178\/revisions"}],"wp:attachment":[{"href":"https:\/\/kunstamedersee.de\/index.php?rest_route=%2Fwp%2Fv2%2Fmedia&parent=178"}],"curies":[{"name":"wp","href":"https:\/\/api.w.org\/{rel}","templated":true}]}}